{"id":213,"date":"2010-03-18T20:29:32","date_gmt":"2010-03-18T19:29:32","guid":{"rendered":"http:\/\/www.archigraphie.eu\/?page_id=213"},"modified":"2015-01-24T10:50:02","modified_gmt":"2015-01-24T09:50:02","slug":"problematiques-et-solutions-espaces-et-diversite-spatiale","status":"publish","type":"page","link":"https:\/\/www.archigraphie.eu\/?page_id=213","title":{"rendered":"Probl\u00e9matiques et solutions &#8211; Espaces et diversit\u00e9 spatiale"},"content":{"rendered":"<h3>Continuit\u00e9\u00a0:<\/h3>\n<p>La continuit\u00e9 est une th\u00e9matique largement exploit\u00e9e dans les Case Study Houses. Elle peut-\u00eatre de deux types:\u00a0 continuit\u00e9 des espaces de vie et continuit\u00e9 entre espaces int\u00e9rieurs et ext\u00e9rieurs.<\/p>\n<p><strong>Continuit\u00e9 des espaces de vie<\/strong><\/p>\n<ul>\n<li>La partition entre les espaces communs de vie et les espaces individuels ayant \u00e9t\u00e9 clairement d\u00e9finie, on constate que dans la plupart des cas les espaces communs ne sont trait\u00e9s et v\u00e9cus que comme un seul et m\u00eame espace. Cette unicit\u00e9 leur conf\u00e8re une grande convivialit\u00e9.<\/li>\n<li>Cette continuit\u00e9 spatiale ne passe pas forc\u00e9ment par une transparence compl\u00e8te de l\u2019espace mais plut\u00f4t par le traitement de sa fluidit\u00e9.<\/li>\n<li>Ainsi paradoxalement, dans les Cases Study Houses, l\u2019enjeu du traitement des espaces de vie consiste \u00e0 r\u00e9ussir \u00e0 les occuper et \u00e0 les qualifier tout en leur conservant une compl\u00e8te fluidit\u00e9.<\/li>\n<li>Dans la majorit\u00e9 des cas, l\u2019espace est occup\u00e9 par des objets qui sont g\u00e9n\u00e9ralement les diff\u00e9rents services ou \u00e9quipements\u00a0: la chemin\u00e9e, les \u00e9l\u00e9ments de cuisine, les \u00e9l\u00e9ments de rangement etc\u2026 Ces objets adoptent une position compl\u00e8tement flottante dans l\u2019espace. Parfois suspendus, ils ne touchent pas le plafond ou les limites de l\u2019espace. M\u00eame s\u2019il sont inamovibles, il leur est conf\u00e9r\u00e9 le statut de mobilier. Leurs positions permettent de structurer de mani\u00e8re informelle l\u2019espace d\u00e9limitant\u00a0: circulations, s\u00e9jour, salle de s\u00e9jour etc\u2026<\/li>\n<\/ul>\n<p style=\"padding-left: 30px;\"><em>Exemple\u00a0: CSH #22 de Koenig, #18 de Ellwood<\/em><\/p>\n<p><strong>Continuit\u00e9 entre espaces int\u00e9rieurs et ext\u00e9rieurs<\/strong><\/p>\n<ul>\n<li>Syst\u00e9matiquement, les espaces des villas sont travaill\u00e9s de mani\u00e8re \u00e0 rendre incertaine, \u00e0 gommer voir m\u00eame \u00e0 d\u00e9sint\u00e9grer totalement la limite entre int\u00e9rieur et ext\u00e9rieur.<\/li>\n<li>Cette continuit\u00e9 est obtenue par diff\u00e9rents traitements. On y parvient gr\u00e2ce au traitement de la mati\u00e8re bien sur, mais aussi par diff\u00e9rents traitements spatiaux.<\/li>\n<li>La plupart du temps elle consiste en la cr\u00e9ation d\u2019espaces\u00a0 aux statuts compl\u00e8tement ambig\u00fcs et inattendus\u00a0: pi\u00e8ces ext\u00e9rieures ou jardins int\u00e9rieurs, cours\u2026 Ces espaces poss\u00e8dent g\u00e9n\u00e9ralement une qualit\u00e9 spatiale et d\u2019usage hors du commun.<\/li>\n<\/ul>\n<p style=\"padding-left: 30px;\"><em>Exemple\u00a0: CSH de Soriano, #25 de Killingworth, #21 de Koenig etc\u2026<\/em><\/p>\n<p><strong>Couvert &amp; d\u00e9couvert, clos &amp; non clos\u00a0:<\/strong><\/p>\n<p>L\u2019utilisation syst\u00e9matique d\u2019une structure \u00e0 ossature autorise une dissociation absolue des diff\u00e9rents \u00e9l\u00e9ments\u00a0composants la villa. La toiture, la cl\u00f4ture et la structure peuvent fonctionner de mani\u00e8re compl\u00e8tement ind\u00e9pendante les unes des autres. Les architectes du programme font usage de cette libert\u00e9 de mani\u00e8re radicalement nouvelle et originale. Ils se distinguent sur ce point compl\u00e8tement des architectes europ\u00e9ens de la m\u00eame \u00e9poque qui ont pris l\u2019habitude de la traiter autrement.<\/p>\n<p><strong>Une toiture flottante\u2026<\/strong><\/p>\n<ul>\n<li>La toiture est le plus souvent l\u2019\u00e9l\u00e9ment premier des Case Study Houses.<\/li>\n<li>Elle existe par elle-m\u00eame comme un \u00e9l\u00e9ment unique et ind\u00e9pendant. Si le syst\u00e8me \u00e0 ossature permet un syst\u00e8me de panneaux modulaires, la toiture reste monolithe. Elle est le plus souvent l\u2019\u00e9l\u00e9ment unificateur du projet.<\/li>\n<li>Alors que la forme des villas peut-\u00eatre tr\u00e8s d\u00e9coup\u00e9s, la toiture garde en g\u00e9n\u00e9ral une forme et une g\u00e9om\u00e9trie simple, elle est syst\u00e9matiquement plate. Cette dalle plate peut-\u00eatre cependant perc\u00e9e \u00e0 certains endroits, permettant ainsi d\u2019amener ponctuellement la lumi\u00e8re.<\/li>\n<li>Son ind\u00e9pendance et son importance sont soulign\u00e9es de diff\u00e9rentes mani\u00e8res. Cela peut-\u00eatre fait par l\u2019utilisation des mati\u00e9res . Elle peut-\u00eatre \u00e9galement soulign\u00e9e par de grandes avanc\u00e9es au dehors. Ces avanc\u00e9s att\u00e9nuent la perception que l\u2019on a de la fa\u00e7ade. Cela est d\u2019autant plus vrai que la toiture des Case Study Houses\u00a0 sont en g\u00e9n\u00e9ral tr\u00e8s pr\u00e9s du sol, les villas \u00e9tants de plein pied. Enfin, il est fait un grand usage des ouvertures en imposte renfor\u00e7ant encore cet effet de d\u00e9collement et d\u2019ind\u00e9pendance de la toiture.<\/li>\n<\/ul>\n<p style=\"padding-left: 30px;\"><em>Exemple\u00a0: CSH #16 de Ellwood , #22 de Koenig. \/ Contre exemple\u00a0: #20 Buff, Straub &amp; Hensman.<\/em><\/p>\n<p><strong>Une structure qui rythme et lib\u00e8re<\/strong><\/p>\n<ul>\n<li>N\u00e9anmoins, la cl\u00f4ture l\u00e9g\u00e8re et lib\u00e9r\u00e9 est utilis\u00e9e ici de mani\u00e8re tout \u00e0 fait originale. L\u2019usage qui est fait ici de la cl\u00f4ture s\u2019oppose \u00e0 une vision europ\u00e9enne (Corbus\u00e9enne\u2026).\u00a0 Cette derni\u00e8re traite la cl\u00f4ture lib\u00e9r\u00e9e de la structure en la d\u00e9tachant tout en restant un \u00e9l\u00e9ment dur. Elle vient librement s\u00e9parer les espaces entre les points structuraux.<\/li>\n<\/ul>\n<p><strong>Des cl\u00f4tures comme des \u00e9crans\u2026<\/strong><\/p>\n<ul>\n<li>Si la toiture est con\u00e7ue comme un \u00e9l\u00e9ment compl\u00e8tement plat et monolithe, les syst\u00e8me de cl\u00f4ture, au contraire est toujours totalement libre et l\u00e9ger.<\/li>\n<li>Les cl\u00f4tures sont trait\u00e9es ici comme des \u00e9crans.\u00a0 L\u00e9gers, ils se suspendent ou s\u2019accrochent \u00e0 la structure. Ils viennent ainsi occulter de mani\u00e8re partielle ou totale les espaces.<\/li>\n<li>Ces cl\u00f4tures sont h\u00e9t\u00e9rog\u00e8nes et dissoci\u00e9es.<\/li>\n<li>H\u00e9t\u00e9rog\u00e8nes, car les Case Study Houses travaillent sur tout un panel variable d\u2019\u00e9crans. Ce panel a une multitude de qualit\u00e9s de mati\u00e8res et d\u2019espaces\u00a0: opaque, translucide, textile, lisse, textur\u00e9 etc\u2026<\/li>\n<li>Dissoci\u00e9es, car la cl\u00f4ture des villas peut s\u2019effeuiller en plusieurs couches portant chacune une qualit\u00e9 de cl\u00f4ture\u00a0: cl\u00f4ture climatique ne co\u00efncidant pas forc\u00e9ment avec la cl\u00f4ture visuelle ou lumineuse etc\u2026<\/li>\n<li>La dissociation toiture \u2013 cl\u00f4ture est la source de toute la richesse spatiale des Case Study Houses. La maison s\u2019\u00e9tend toujours par une multitude d\u2019espaces aux qualit\u00e9s spatiales multiples et diff\u00e9rentes. Ces espaces sont qualifi\u00e9s dans leur usages, par les partitions du projet et structurer par sa composition.<\/li>\n<\/ul>\n<p><a href=\"http:\/\/www.archigraphie.eu\/?p=211\">&lt;Page pr\u00e9c\u00e9dente<\/a> &#8211; <a href=\"http:\/\/www.archigraphie.eu\/?p=215\">Page suivante &gt;<\/a><\/p>\n","protected":false},"excerpt":{"rendered":"<p>Continuit\u00e9\u00a0: La continuit\u00e9 est une th\u00e9matique largement exploit\u00e9e dans les Case Study Houses. Elle peut-\u00eatre de deux types:\u00a0 continuit\u00e9 des espaces de vie et continuit\u00e9 entre espaces int\u00e9rieurs et ext\u00e9rieurs. Continuit\u00e9 des espaces de vie La partition entre les espaces communs de vie et les espaces individuels ayant \u00e9t\u00e9 clairement d\u00e9finie, on constate que dans &hellip; <a href=\"https:\/\/www.archigraphie.eu\/?page_id=213\" class=\"more-link\">Continuer la lecture de <span class=\"screen-reader-text\">Probl\u00e9matiques et solutions &#8211; Espaces et diversit\u00e9 spatiale<\/span>  <span class=\"meta-nav\">&rarr;<\/span><\/a><\/p>\n","protected":false},"author":1,"featured_media":0,"parent":166,"menu_order":9,"comment_status":"open","ping_status":"open","template":"","meta":{"om_disable_all_campaigns":false,"_monsterinsights_skip_tracking":false,"_monsterinsights_sitenote_active":false,"_monsterinsights_sitenote_note":"","_monsterinsights_sitenote_category":0,"footnotes":""},"class_list":["post-213","page","type-page","status-publish","hentry"],"aioseo_notices":[],"_links":{"self":[{"href":"https:\/\/www.archigraphie.eu\/index.php?rest_route=\/wp\/v2\/pages\/213","targetHints":{"allow":["GET"]}}],"collection":[{"href":"https:\/\/www.archigraphie.eu\/index.php?rest_route=\/wp\/v2\/pages"}],"about":[{"href":"https:\/\/www.archigraphie.eu\/index.php?rest_route=\/wp\/v2\/types\/page"}],"author":[{"embeddable":true,"href":"https:\/\/www.archigraphie.eu\/index.php?rest_route=\/wp\/v2\/users\/1"}],"replies":[{"embeddable":true,"href":"https:\/\/www.archigraphie.eu\/index.php?rest_route=%2Fwp%2Fv2%2Fcomments&post=213"}],"version-history":[{"count":5,"href":"https:\/\/www.archigraphie.eu\/index.php?rest_route=\/wp\/v2\/pages\/213\/revisions"}],"predecessor-version":[{"id":1773,"href":"https:\/\/www.archigraphie.eu\/index.php?rest_route=\/wp\/v2\/pages\/213\/revisions\/1773"}],"up":[{"embeddable":true,"href":"https:\/\/www.archigraphie.eu\/index.php?rest_route=\/wp\/v2\/pages\/166"}],"wp:attachment":[{"href":"https:\/\/www.archigraphie.eu\/index.php?rest_route=%2Fwp%2Fv2%2Fmedia&parent=213"}],"curies":[{"name":"wp","href":"https:\/\/api.w.org\/{rel}","templated":true}]}}