{"id":188,"date":"2010-03-18T18:46:56","date_gmt":"2010-03-18T18:46:56","guid":{"rendered":"http:\/\/www.archigraphie.eu\/?page_id=188"},"modified":"2015-01-24T10:47:40","modified_gmt":"2015-01-24T09:47:40","slug":"case-study-house-20-par-c-buff-c-straub-d-hensman","status":"publish","type":"page","link":"https:\/\/www.archigraphie.eu\/?page_id=188","title":{"rendered":"Case Study House #20 par C. Buff, C. Straub, D. Hensman"},"content":{"rendered":"<h3><a href=\"http:\/\/www.archigraphie.eu\/wp-content\/uploads\/2010\/03\/Buff_Straub_Hensman-CSH_20-01.jpg\"><img loading=\"lazy\" decoding=\"async\" class=\"alignnone size-medium wp-image-223\" title=\"Buff_Straub_Hensman-CSH_20-01\" src=\"http:\/\/www.archigraphie.eu\/wp-content\/uploads\/2010\/03\/Buff_Straub_Hensman-CSH_20-01-300x205.jpg\" alt=\"\" width=\"300\" height=\"205\" srcset=\"https:\/\/www.archigraphie.eu\/wp-content\/uploads\/2010\/03\/Buff_Straub_Hensman-CSH_20-01-300x205.jpg 300w, https:\/\/www.archigraphie.eu\/wp-content\/uploads\/2010\/03\/Buff_Straub_Hensman-CSH_20-01.jpg 600w\" sizes=\"auto, (max-width: 300px) 100vw, 300px\" \/><\/a><\/h3>\n<h3>Les options constructives<\/h3>\n<ul>\n<li>Dans cette villa, les architectes utilisent une structure en bois. Ils conservent malgr\u00e9 tout l\u2019id\u00e9e commune \u00e0 tout les Case Study Houses de cette p\u00e9riode qui consiste \u00e0 utiliser des \u00e9l\u00e9ments pr\u00e9fabriqu\u00e9s en usine.<\/li>\n<li>L\u2019\u00e9l\u00e9ment structurel de base de cette maison consiste en des poutres-\u00e9chelles (box-beam\u2026) l\u00e9g\u00e8res en contre-plaqu\u00e9. Ces poutres sont recouvertes de panneaux \u00e9tanches constitu\u00e9s eux-m\u00eame \u00e0 base de plaques de contre-plaqu\u00e9. Ils utilisent \u00e9galement pour recouvrir les parties communes des panneaux incurv\u00e9s. Ces panneaux sont totalement pr\u00e9fabriqu\u00e9s en usine\u2026 Les architectes s\u2019exprimeront \u00e0 propos de l\u2019utilisation de ces vo\u00fbtes \u201c They are an important visual aspect, but the beauty of the spaces does not depend upon them. They add the richness of curved space, and the sensuous satisfaction of curved volumes, but what was more pleasing were the vistas from every point. As in the piazza system of European cityspaces, you move around a bend and the spaces are revealed. You wander hrough space. \u201d<\/li>\n<li>Les panneaux et les vo\u00fbtes furent amen\u00e9s et assembl\u00e9s sur le site. Le montage de l\u2019ensemble des \u201c panneaux-vo\u00fbtes \u201d de la zone centrale de la maison n\u00e9cessitera une heure et demie&#8230;<\/li>\n<li>Cette mani\u00e8re non conventionnelle et l\u00e9g\u00e8re de construire, a rendu difficile l\u2019obtention des diff\u00e9rents permis n\u00e9cessaires \u00e0 la construction. Les services sont tr\u00e8s septiques quant \u00e0 la viabilit\u00e9 du projet et exigent des tests sur prototypes\u2026<\/li>\n<li>Ces raisons ainsi que d\u2019autres li\u00e9es \u00e0 l\u2019\u00e9chelle n\u2019ont pas v\u00e9ritablement permis de r\u00e9aliser de substantielles \u00e9conomies par rapport \u00e0 une construction traditionnelle, m\u00eame si la villa a \u00e9t\u00e9 partiellement industrialis\u00e9e\u2026 Ceci est g\u00e9n\u00e9ralement le cas dans toutes d\u00e9marches exp\u00e9rimentales.<\/li>\n<li>Un autre point qu\u2019il est int\u00e9ressant de noter est que la construction de la villa n\u2019a n\u00e9cessit\u00e9 aucun engin de levage, grue etc\u2026<\/li>\n<li>\u201cThe character of the space was very precise, and there no overhangs. Overhangs were omitted because of the numerous trees on the property and adjoining lots, while the preciseness is a consequence of the engineered house \u201d. (Straub)<\/li>\n<\/ul>\n<p><a href=\"http:\/\/www.archigraphie.eu\/wp-content\/uploads\/2010\/03\/Buff_Straub_Hensman-CSH_20-03.jpg\"><img loading=\"lazy\" decoding=\"async\" class=\"alignnone size-full wp-image-292\" title=\"Buff_Straub_Hensman-CSH_20-03\" src=\"http:\/\/www.archigraphie.eu\/wp-content\/uploads\/2010\/03\/Buff_Straub_Hensman-CSH_20-03.jpg\" alt=\"\" width=\"450\" height=\"288\" srcset=\"https:\/\/www.archigraphie.eu\/wp-content\/uploads\/2010\/03\/Buff_Straub_Hensman-CSH_20-03.jpg 1000w, https:\/\/www.archigraphie.eu\/wp-content\/uploads\/2010\/03\/Buff_Straub_Hensman-CSH_20-03-300x192.jpg 300w\" sizes=\"auto, (max-width: 450px) 100vw, 450px\" \/><\/a><\/p>\n<h3><a href=\"http:\/\/www.archigraphie.eu\/wp-content\/uploads\/2010\/03\/Buff_Straub_Hensman-CSH_20-04.jpg\"><img loading=\"lazy\" decoding=\"async\" class=\"alignnone size-full wp-image-313\" title=\"Buff_Straub_Hensman-CSH_20-04\" src=\"http:\/\/www.archigraphie.eu\/wp-content\/uploads\/2010\/03\/Buff_Straub_Hensman-CSH_20-04.jpg\" alt=\"\" width=\"450\" height=\"167\" srcset=\"https:\/\/www.archigraphie.eu\/wp-content\/uploads\/2010\/03\/Buff_Straub_Hensman-CSH_20-04.jpg 1000w, https:\/\/www.archigraphie.eu\/wp-content\/uploads\/2010\/03\/Buff_Straub_Hensman-CSH_20-04-300x111.jpg 300w\" sizes=\"auto, (max-width: 450px) 100vw, 450px\" \/><\/a><\/h3>\n<h3>Sch\u00e9ma 1 :<\/h3>\n<ul>\n<li>Le plan s\u2019organise autour de salles communes : living, cuisine, salle \u00e0 manger formelle et informelle.<\/li>\n<li>Une premi\u00e8re extension comprend les chambres des enfants, une deuxi\u00e8me celle des parents. Enfin, une troisi\u00e8me extension plus isol\u00e9e comprend un bureau. &#8211; Toutes les pi\u00e8ces principales ouvrent sur des cours ou des terrasses ext\u00e9rieures.<\/li>\n<li>L\u2019espace de cette villa se compose en bandes parall\u00e8les marquant des continuit\u00e9s. Au centre, une bande de vie est entour\u00e9e de par et d\u2019autre de deux bandes de circulations. Les autres espaces sont distribu\u00e9s de mani\u00e8re s\u00e9quentielle autour de ces deux bandes.<\/li>\n<li>La structure est compos\u00e9e d\u2019une trame de poutres \u00e9chelles espac\u00e9es de huit pieds. Elle s\u2019organise perpendiculairement \u00e0 la distribution horizontale de la villa d\u00e9crite plus haut. La structure est pr\u00e9existante au b\u00e2timent. Elle existe partout dans le carr\u00e9 ou s\u2019inscrit la villa. Elle vient se glisser entre les nombreux grands arbres que compte le terrain. Le p\u00e9rim\u00e8tre de cl\u00f4ture, les opacit\u00e9s et translucidit\u00e9s venant ensuite s\u2019incrire librement dans cette trame\u2026<\/li>\n<li>La maison est limit\u00e9e sur trois c\u00f4t\u00e9s : Nord, Sud et Est par de grandes opacit\u00e9s continues. (En fait, elle est totalement opaque du c\u00f4t\u00e9 nord et Est avec quelques ouvertures c\u00f4t\u00e9 Sud). Elle est donc compl\u00e8tement orient\u00e9e sur des espaces prot\u00e9g\u00e9s : le patio et le jardin.<\/li>\n<li>Les architectes ont trait\u00e9 cette villa de cette mani\u00e8re en pensant que t\u00f4t ou tard les terrains adjacents seraient occup\u00e9s par d\u2019autres villas. Il s\u2019agit donc de traiter une mitoyennet\u00e9 \u201c par avance \u201d\u2026<\/li>\n<li>L\u2019emplacement des poteaux est d\u00e9termin\u00e9 par la rencontre de la premi\u00e8re trame (Est-Ouest) qui est la trame de fonctionnement avec la deuxi\u00e8me (Nord-Sud) qui est la trame structurelle.<\/li>\n<li>Le jeu des opacit\u00e9s, transparences, translucidit\u00e9s vient ensuite, lib\u00e9r\u00e9 de toutes contraintes fonctionnelles ou structurelles, d\u00e9limiter les espaces, emprisonnant des vides ou laissant libres des espaces ext\u00e9rieurs.<\/li>\n<\/ul>\n<p><a href=\"http:\/\/www.archigraphie.eu\/wp-content\/uploads\/2010\/03\/Buff_Straub_Hensman-CSH_20-05.jpg\"><img loading=\"lazy\" decoding=\"async\" class=\"alignnone size-full wp-image-540\" title=\"Buff_Straub_Hensman-CSH_20-05\" src=\"http:\/\/www.archigraphie.eu\/wp-content\/uploads\/2010\/03\/Buff_Straub_Hensman-CSH_20-05.jpg\" alt=\"\" width=\"450\" height=\"450\" srcset=\"https:\/\/www.archigraphie.eu\/wp-content\/uploads\/2010\/03\/Buff_Straub_Hensman-CSH_20-05.jpg 450w, https:\/\/www.archigraphie.eu\/wp-content\/uploads\/2010\/03\/Buff_Straub_Hensman-CSH_20-05-150x150.jpg 150w, https:\/\/www.archigraphie.eu\/wp-content\/uploads\/2010\/03\/Buff_Straub_Hensman-CSH_20-05-300x300.jpg 300w\" sizes=\"auto, (max-width: 450px) 100vw, 450px\" \/><\/a><\/p>\n<h3>Sch\u00e9ma 2 :<\/h3>\n<p><a href=\"http:\/\/www.archigraphie.eu\/wp-content\/uploads\/2010\/03\/Buff_Straub_Hensman-CSH_20-02.jpg\"><img loading=\"lazy\" decoding=\"async\" class=\"alignnone size-full wp-image-258\" title=\"Buff_Straub_Hensman-CSH_20-02\" src=\"http:\/\/www.archigraphie.eu\/wp-content\/uploads\/2010\/03\/Buff_Straub_Hensman-CSH_20-02.jpg\" alt=\"\" width=\"450\" height=\"97\" srcset=\"https:\/\/www.archigraphie.eu\/wp-content\/uploads\/2010\/03\/Buff_Straub_Hensman-CSH_20-02.jpg 1000w, https:\/\/www.archigraphie.eu\/wp-content\/uploads\/2010\/03\/Buff_Straub_Hensman-CSH_20-02-300x64.jpg 300w\" sizes=\"auto, (max-width: 450px) 100vw, 450px\" \/><\/a><\/p>\n<ul>\n<li>Le sch\u00e9ma 2 illustre la s\u00e9quence spatiale Est-Ouest de la bande de vie centrale. Quand on la traverse dans sa longueur on conna\u00eet un parcours tr\u00e8s vari\u00e9.<\/li>\n<li>Du jardin arri\u00e8re de la maison, qui la s\u00e9pare de la rue on passe dans espace couvert mais ext\u00e9rieur qui permet de garer les voitures.<\/li>\n<li>On franchit ensuite un \u00e9cran opaque, tout en passant d\u2019un espace couvert non clos (le porche) \u00e0 un espace d\u00e9couvert clos (le patio). Cette situation est r\u00e9currente dans les Case Study Houses : l\u2019entr\u00e9e symbolique et spatiale de la maison correspond en fait \u00e0 une sortie vers un espace ext\u00e9rieur. On bascule ainsi d\u2019un espace couvert et non clos, vers un espace d\u00e9couvert et clos, referm\u00e9 vers l\u2019int\u00e9rieur de la maison. Les entr\u00e9es physiques et symboliques sont dissoci\u00e9es.<\/li>\n<li>En continuant notre parcours, on entre enfin physiquement dans la maison en glissant vers un espace couvert et clos. Cette espace, sym\u00e9trique du patio mais couvert se situe dans sa continuit\u00e9. Il correspond \u00e0 la salle \u00e0 manger. Cet espace est s\u00e9par\u00e9 du suivant par un filtre textile, translucide. Il y a donc bien deux espaces distincts mais la translucidit\u00e9 du filtre leur conf\u00e8rent une certaine porosit\u00e9.<\/li>\n<li>On continu notre parcours par un autre espace couvert et clos mais r\u00e9solument ouvert sur l\u2019ext\u00e9rieur qui est le s\u00e9jour.<\/li>\n<li>Enfin dans un dernier temps on passe dans un espace ext\u00e9rieur et couvert : la terrasse; puis d\u00e9couvert, le jardin.<\/li>\n<\/ul>\n<p><a href=\"http:\/\/www.archigraphie.eu\/?p=172\">&lt;Page pr\u00e9c\u00e9dente<\/a> &#8211; <a href=\"http:\/\/www.archigraphie.eu\/?p=211\">Page suivante &gt;<\/a><\/p>\n","protected":false},"excerpt":{"rendered":"<p>Les options constructives Dans cette villa, les architectes utilisent une structure en bois. Ils conservent malgr\u00e9 tout l\u2019id\u00e9e commune \u00e0 tout les Case Study Houses de cette p\u00e9riode qui consiste \u00e0 utiliser des \u00e9l\u00e9ments pr\u00e9fabriqu\u00e9s en usine. L\u2019\u00e9l\u00e9ment structurel de base de cette maison consiste en des poutres-\u00e9chelles (box-beam\u2026) l\u00e9g\u00e8res en contre-plaqu\u00e9. Ces poutres sont &hellip; <a href=\"https:\/\/www.archigraphie.eu\/?page_id=188\" class=\"more-link\">Continuer la lecture de <span class=\"screen-reader-text\">Case Study House #20 par C. Buff, C. Straub, D. Hensman<\/span>  <span class=\"meta-nav\">&rarr;<\/span><\/a><\/p>\n","protected":false},"author":1,"featured_media":0,"parent":166,"menu_order":7,"comment_status":"open","ping_status":"open","template":"","meta":{"om_disable_all_campaigns":false,"_monsterinsights_skip_tracking":false,"_monsterinsights_sitenote_active":false,"_monsterinsights_sitenote_note":"","_monsterinsights_sitenote_category":0,"footnotes":""},"class_list":["post-188","page","type-page","status-publish","hentry"],"aioseo_notices":[],"_links":{"self":[{"href":"https:\/\/www.archigraphie.eu\/index.php?rest_route=\/wp\/v2\/pages\/188","targetHints":{"allow":["GET"]}}],"collection":[{"href":"https:\/\/www.archigraphie.eu\/index.php?rest_route=\/wp\/v2\/pages"}],"about":[{"href":"https:\/\/www.archigraphie.eu\/index.php?rest_route=\/wp\/v2\/types\/page"}],"author":[{"embeddable":true,"href":"https:\/\/www.archigraphie.eu\/index.php?rest_route=\/wp\/v2\/users\/1"}],"replies":[{"embeddable":true,"href":"https:\/\/www.archigraphie.eu\/index.php?rest_route=%2Fwp%2Fv2%2Fcomments&post=188"}],"version-history":[{"count":11,"href":"https:\/\/www.archigraphie.eu\/index.php?rest_route=\/wp\/v2\/pages\/188\/revisions"}],"predecessor-version":[{"id":1769,"href":"https:\/\/www.archigraphie.eu\/index.php?rest_route=\/wp\/v2\/pages\/188\/revisions\/1769"}],"up":[{"embeddable":true,"href":"https:\/\/www.archigraphie.eu\/index.php?rest_route=\/wp\/v2\/pages\/166"}],"wp:attachment":[{"href":"https:\/\/www.archigraphie.eu\/index.php?rest_route=%2Fwp%2Fv2%2Fmedia&parent=188"}],"curies":[{"name":"wp","href":"https:\/\/api.w.org\/{rel}","templated":true}]}}