{"id":160,"date":"2010-03-18T16:20:45","date_gmt":"2010-03-18T16:20:45","guid":{"rendered":"http:\/\/www.archigraphie.eu\/?page_id=160"},"modified":"2015-01-24T12:19:25","modified_gmt":"2015-01-24T11:19:25","slug":"le-programme-des-case-study-houses","status":"publish","type":"page","link":"https:\/\/www.archigraphie.eu\/?page_id=160","title":{"rendered":"Le programme des Case Study Houses"},"content":{"rendered":"<p><em>Le programme des Study Houses a \u00e9t\u00e9 lanc\u00e9 en Janvier 1945. Il a donc d\u00e9but\u00e9 dans le contexte tr\u00e8s particulier et tr\u00e8s propice des Etats-Unis de l\u2019imm\u00e9diat apr\u00e8s-guerre. Un homme, John Entenza a su voir qu\u2019il s\u2019agissait d\u2019un moment clef. Il a su prendre les devants pour en tirer les avantages. Ce contexte ainsi que la personnalit\u00e9 de ce dernier sont les \u00e9l\u00e9ments qui ont fait le succ\u00e8s du programme.<\/em><\/p>\n<h3><a href=\"http:\/\/www.archigraphie.eu\/wp-content\/uploads\/2010\/03\/Koenig-CSH_22-01.jpg\"><img loading=\"lazy\" decoding=\"async\" class=\"alignnone size-full wp-image-239\" title=\"Koenig-CSH_22-01\" src=\"http:\/\/www.archigraphie.eu\/wp-content\/uploads\/2010\/03\/Koenig-CSH_22-01.jpg\" alt=\"\" width=\"450\" height=\"340\" srcset=\"https:\/\/www.archigraphie.eu\/wp-content\/uploads\/2010\/03\/Koenig-CSH_22-01.jpg 1000w, https:\/\/www.archigraphie.eu\/wp-content\/uploads\/2010\/03\/Koenig-CSH_22-01-300x227.jpg 300w\" sizes=\"auto, (max-width: 450px) 100vw, 450px\" \/><\/a><\/h3>\n<h3><strong>Un contexte particulier&#8230;<\/strong><\/h3>\n<p>Cette p\u00e9riode d\u2019apr\u00e8s-guerre est une p\u00e9riode de p\u00e9nurie o\u00f9 tout les types de materiaux de construction sont manquants. Paradoxalement, elle correspond \u00e9galement \u00e0 une p\u00e9riode o\u00f9 l\u2019industrie de la construction fonctionne de mani\u00e8re tr\u00e8s intense. Cette intensit\u00e9 s\u2019explique par la longue p\u00e9riode d\u2019inactivit\u00e9 qui l\u2019a pr\u00e9c\u00e9d\u00e9.<\/p>\n<p>D\u2019une part suite \u00e0 la crise \u00e9conomique de 1929, l\u2019activit\u00e9 constructive est fort ralentie pendant toutes les ann\u00e9es trente.<br \/>\nD\u2019autre part, la guerre de 39-45 marque un point d\u2019arr\u00eat complet et total \u00e0 toute production . Toute l\u2019activit\u00e9 \u00e9conomique est \u00e0 ce moment orient\u00e9e vers \u201c\u00a0l\u2019effort de guerre\u00a0\u201d. Il y a alors tr\u00e8s peu d\u2019opportunit\u00e9es de construction except\u00e9 pour construire des structures purement utilitaires&#8230;<\/p>\n<p>Pendant toutes ces ann\u00e9es et notamment pendant la guerre, on assiste \u00e0 un tr\u00e8s grand d\u00e9veloppement technologique et \u00e0 de nombreux progr\u00e8s. Ces nouvelles technologies vont enfin pouvoir \u00eatre exp\u00e9riment\u00e9es et appliqu\u00e9es au b\u00e2timent, ainsi par exemple\u00a0:<br \/>\n&#8211; Les nouveaux plastiques rendent possible la construction de maisons utilisant des panneaux et des \u00e9crans translucides.<br \/>\n&#8211; L\u2019invention et l\u2019utilisation de la soudure \u00e0 l\u2019arc permet d\u2019obtenir des soudures d\u2019une qualit\u00e9 telle qu\u2019elles peuvent \u00eatre enfin expos\u00e9es \u00e0 l\u2019int\u00e9rieur des maisons.<br \/>\n&#8211; L\u2019am\u00e9lioration des r\u00e9sines synth\u00e9tiques, qui les rendent plus resistantes que les r\u00e9sines naturelles, permet d\u2019\u00e9tancher et de d\u00e9velopper des jointements adapt\u00e9s au nouveaux panneaux de construction l\u00e9gers.<br \/>\n&#8211; L\u2019apparition de nouvelles colles provenants l\u2019industrie a\u00e9ronautique permet le d\u00e9veloppement d\u2019une tr\u00e8s grande vari\u00e9t\u00e9 de nouveaux mat\u00e9riaux composites.<\/p>\n<p>Enfin, cette p\u00e9riode de construction ralentie n\u2019a pas \u00e9t\u00e9 synonyme d\u2019un arr\u00eat total de la production architecturale. Bien au contraire, la p\u00e9riode d\u2019entre-deux guerre a vu fleurir une multitude de projets th\u00e9oriques. L\u2019ensemble de ses potientalit\u00e9s vont enfin pouvoir connaitre une concr\u00e9tisation. Elles vont se cristalliser dans les exp\u00e9rimentations du Case Study House Program.<\/p>\n<h3><strong>John Entenza, un critique engag\u00e9&#8230;<\/strong><\/h3>\n<p>John Entenza est l\u2019homme qui a permis par son travail d\u2019\u00e9diteur et de critique \u00e0 toutes ces reflexions de voir le jour. Il a ouvert tout une aire d\u2019exp\u00e9rimentation.<\/p>\n<p>Entenza d\u00e9bute la publication du magazine \u00abArts and Architectures\u00bb en 1938. Le contexte Californien a certes toujours \u00e9t\u00e9 favorable \u00e0 l\u2019Architecture Moderne. Mais il est n\u00e9cessaire \u00e0 l\u2019\u00e9poque de communiquer au travers un suppport m\u00e9diatique aupr\u00e8s du grand public. Il s\u2019agit de favoriser ainsi une bonne compr\u00e9hension des nouvelles d\u00e9marches de construction de maisons individuelles apparues pendant cette p\u00e9riode d\u2019apr\u00e8s-guerre. Le magazine est devenu l\u2019indiscutable leader permettant de gagner le public \u00e0 l\u2019acceptation d\u2019une bonne conception et d\u2019un travail sur la qualit\u00e9 architecturale. C\u2019est Entenza qui en a \u00e9t\u00e9 l\u2019initiateur.<br \/>\nEssentiellement p\u00e9dagogue, il est convaincu que vivant tous avec l\u2019architecture, un travail sur la qualit\u00e9 de l\u2019environnement construit nous concerne tous. Il garde une foi d\u00e9mocratique en la possibilit\u00e9 du public de comprendre un travail qualitatif sur notre environnement b\u00e2ti quand il est fait un effort pour le lui pr\u00e9senter.<\/p>\n<p>En 1944, il a une bonne id\u00e9e du cours que va prendre l\u2019architecture moderne apr\u00e8s la guerre. Le temps est favorable \u00e0 l\u2019exp\u00e9rimentation. Les clients potentiels n\u2019ont jamais \u00e9t\u00e9 aussi nombreux\u2026<br \/>\nEn effet, la faible production de logements pendant les ann\u00e9es de d\u00e9pression a entrain\u00e9 une p\u00e9nurie d\u2019habitations qui se fait durement ressentir au sortir de la guerre.<br \/>\nDe plus, il y a un v\u00e9ritable travail \u00e0 effectuer car une partie des clients potentiels pensent d\u00e9j\u00e0 \u00e0 l\u2019\u00e9poque en terme de maisons clef-en-main. Qui plus est, le terme d\u2019\u00abArchitecture\u00bb semble un bien grand mot pour des familles qui veulent, dans l\u2019urgence, se loger confortablement et \u00e9conomiquement.<br \/>\nM\u00eame si la c\u00f4te Ouest a toujours \u00e9t\u00e9 un grand lieu d\u2019exp\u00e9rimentation et d\u2019innovation en mati\u00e8re d\u2019architecture contemporaine; Entenza entrevoit le risque que la qualit\u00e9 architecturale des maisons construites r\u00e9gresse du fait de la forte production d\u2019apr\u00e8s-guerre. Il est, en effet \u00e0 craindre que la qualit\u00e9 laisse ainsi place \u00e0 la quantit\u00e9&#8230;<\/p>\n<p>Il y a certes des clients qui peuvent attendre patiemment que l\u2019architecte ach\u00e8ve les plans, et qui sont dans une d\u00e9marche exigente de la qualit\u00e9 architecturale. Il existe \u00e9galement \u00e0 cette \u00e9poque des organismes de m\u00e9c\u00e9nat qui peuvent financer des travaux exp\u00e9rimentaux.<br \/>\nMais, Entenza se rends compte que malgr\u00e9 tout beaucoup d\u2019id\u00e9es innovantes existants sur les tables \u00e0 dessin ou dans l\u2019esprit des concepteurs risquent de ne pouvoir se concr\u00e9tiser et d\u2019\u00eatre d\u00e9finitivement perdues.<\/p>\n<p><strong>Historique du programme&#8230;<\/strong><\/p>\n<p>En 1945, Entenza abandonne donc son r\u00f4le passif d\u2019\u00e9diteur pour jouer un r\u00f4le dynamique dans l\u2019architecture de l\u2019apr\u00e8s-guerre.<br \/>\nIl engage huit agences dont le magazine \u00abArts and Architecture\u00bb devient le client. Chacune de ces agences est charg\u00e9e de la conception d\u2019une maison. C\u2019est ainsi que commence le programme qui se prolongera apr\u00e8s le d\u00e9part de Entenza du magazine en 1962. Le Case Study House Program s\u2019ach\u00e8ve en 1967 \u00e0 l\u2019arr\u00eat de la publication de \u201c\u00a0Art and Architecture\u00a0\u201d.<\/p>\n<p>Le succ\u00e8s et la long\u00e9vit\u00e9 du programme sont dues \u00e0 sa simplicit\u00e9. Le seul but annonc\u00e9 est le d\u00e9veloppement d\u2019un environnement de bien-\u00eatre sans aucun pr\u00e9jug\u00e9 id\u00e9ologique. Les architectes sont encourag\u00e9s \u00e0 exp\u00e9rimenter de nouvelle formes et de nouveaux mat\u00e9riaux. Mais les mat\u00e9riaux ne doivent \u00eatre s\u00e9lectionn\u00e9s ou utilis\u00e9s seulement en fonction de leur qualit\u00e9s objectives. Il n\u2019est pas question d\u2019utiliser un mat\u00e9riaux seulement parce qu\u2019il est nouveau.<br \/>\nLa d\u00e9marche inclut une conception paysag\u00e8re de l\u2019environnement proche de la maison ainsi que la cr\u00e9ation de mobiliers par des concepteurs reconnus. Durant les trois premi\u00e8res ann\u00e9es du programme, 6 maisons sont totalement achev\u00e9es, meubl\u00e9es et paysag\u00e9es puis ouvertes au public.<\/p>\n<p>Environ 500 000 personnes visitent la premi\u00e8re douzaine de maisons. Le succ\u00e8s critique des maisons favorise plus que tout l\u2019acceptation du public d\u2019une conception exp\u00e9rimentale.<\/p>\n<p>Les institutions de financement deviennent au fur et \u00e0 mesure de plus en plus ouvertes et coop\u00e9rantes. Les banques commencent peu \u00e0 peu \u00e0 financer les maisons contemporaines. Ils faut pr\u00e9ciser que jusqu\u2019\u00e0 cette \u00e9poque elles refusaient assez syst\u00e9matiquement de financer des maisons avec des murs en verre, plans ouverts, sans salle \u00e0 manger, une cuisine faisant face \u00e0 la rue, une toit plat et des dalles de b\u00e9ton au sol; convaincues qu\u2019il s\u2019agissait d\u2019un investissement hasardeux sans valeur de revente\u2026 Or, toutes les maisons du \u201c\u00a0Case Study House Program\u00a0\u201d furent d\u2019excellents investissements et elles le prouvent par leurs prix \u00e0 la revente\u2026<\/p>\n<p>Dans les ann\u00e9es 50, apr\u00e8s que 13 Maisons soit compl\u00e9t\u00e9es le programme continue au rythme d\u2019une maison par an. Les architectes s\u00e9lectionn\u00e9s sont habituellement jeunes et peu connus hors du Sud de la Californie. Koenig et Ellwood auteurs de cinq projets \u00e0 eux deux ont tout deux \u00e0 peine trente ans quand ils sont sollicit\u00e9s pour concevoir une Case Study House. Beaucoup d\u2019architectes de la fin du programme ont \u00e9t\u00e9 inspir\u00e9 par les premi\u00e8res publications du magazine. Ainsi Koenig d\u00e9cida d\u2019\u00e9tudier l\u2019architecture suite \u00e0 l\u2019int\u00e9r\u00eat que lui inspire la lecture du journal.<\/p>\n<p>En jettant un regard sur les r\u00e9alisations du programme au cours des onze derni\u00e8res ann\u00e9es Entenza tire un bilan du programme des Case Study Houses:<br \/>\n<em> \u201c\u00a0We like to think that these houses have been responsible for some remarkably lucid thinking in terms of domestic architecture. While it is true that not all have been every man\u2019s dream cottage, they have, nevertheless had a demonstrably wide influence in the sound use of new materials and in re-use of the old, and had attempted, with considerable success, to suggest contemporary living patterns.\u00a0\u00bb<\/em><br \/>\n(Nous aimons \u00e0 penser que ces maisons ont \u00e9t\u00e9 responsables de quelques r\u00e9flexions remarquables dans le domaine de l\u2019architecture domestique. M\u00eame s\u2019il est vrai que toutes ne repr\u00e9sentaient pas la maison r\u00eav\u00e9es de tout homme, elles ont en revanche eu une tr\u00e8s large influence dans l\u2019utilisation de nouveaux mat\u00e9riaux et dans la r\u00e9utilisation de l\u2019ancien et ont tent\u00e9 avec un succ\u00e8s respectable de sugg\u00e9rer les voies d\u2019un mode vie contemporain.)<\/p>\n<p><em>L\u2019analyse de ces documents nous permettent de d\u00e9gager trois p\u00e9riodes distinctes dans le programme des Case Study Houses:<\/em><\/p>\n<p><strong>1945-50, Le programme fait ses preuves.<\/strong> Dans ces premi\u00e8re ann\u00e9es, la priorit\u00e9 est donn\u00e9 \u00e0 la dimension \u00e9conomique des projets. Dans ces premi\u00e8res ann\u00e9es du programme des Case Studies, 13 maisons furent construites et 7 projets pr\u00e9sent\u00e9s. La p\u00e9riode d\u00e9bute en 1945 avec l\u2019annonce du programme et se termine avec l\u2019ach\u00e8vement de la maison de Eames et Saarinen pour Entenza.<br \/>\nTout les architectes de cette p\u00e9riode sont d\u00e9j\u00e0 des professionnels confirm\u00e9s et reconnus. Ils ont chacun un style personnel d\u00e9j\u00e0 largement \u00e9prouv\u00e9s\u2026<br \/>\nDe toute les maisons construites au cours de cette p\u00e9riode, celle de Eames et Saarinen est la premi\u00e8re \u00e0 jouer avec le plan et la structure. Elle est \u00e9galement la premi\u00e8re dans le programme \u00e0 se concentrer sur l\u2019utilisation de mat\u00e9riaux et de techniques industrielles dans le domaine de l\u2019architecture. Les maisons #8 et #9 sont des maisons de transition entre les villas plus traditionnelles de la premi\u00e8re p\u00e9riode et les maisons purement exp\u00e9rimentales des ann\u00e9es qui suivent.<\/p>\n<p><strong>1950-60, La p\u00e9riode exp\u00e9rimentale.<\/strong> Dans un deuxi\u00e8me temps, au cours de la d\u00e9cennie 50, l\u2019accent est mis sur la dimension innovatrice des villas, la dimension v\u00e9ritablement \u00e9conomique passant au second plan sans cependant \u00eatre perdue de vue. Cette p\u00e9riode s\u2019\u00e9tend de l\u2019\u00e9t\u00e9 1950, quand Soriano commence \u00e0 travailler sur sa maison \u00e0 l\u2019\u00e9t\u00e9 1960, avec l\u2019ach\u00e8vement de la deuxi\u00e8me maison de Koenig.<br \/>\nLa plupart des maisons construites au cours de cette p\u00e9riode sont des maisons exp\u00e9rimentales \u00e0 ossature m\u00e9talliques, les autres \u00e9tant des exp\u00e9rimentations sur des \u00e9l\u00e9ments en contre-plaqu\u00e9s pr\u00e9fabriqu\u00e9s en usine. Depuis un si\u00e8cle et demi l\u2019industrie a \u00e9t\u00e9 utilis\u00e9e pour les mat\u00e9riaux de construction mais la construction de maison a r\u00e9sist\u00e9 \u00e0 la l\u2019industrialisation. Les architectes pensent \u00e0 l\u2019\u00e9poque que l\u2019on doit changer cela. L\u2019acier promet d\u2019amener l\u2019architecture domestique \u00e0 l\u2019industrialisation apr\u00e8s la fin de la seconde guerre mondiale. Mais la diff\u00e9rence fondamentale entre maisons \u00e0 ossature de bois et les maisons a ossature acier est que dans le cas d\u2019une ossature d\u2019acier tout les d\u00e9tails doivent \u00eatre r\u00e9gl\u00e9s au moment de la conception contrairement \u00e0 l\u2019ossature bois o\u00f9 l\u2019on peut laisser un certain nombre de d\u00e9tails \u00e0 la discr\u00e9tion du constructeur\u2026<br \/>\nLa priorit\u00e9 de cette p\u00e9riode est le d\u00e9veloppement de projets qui peuvent servir de prototypes pour des maisons industrialis\u00e9es.<\/p>\n<p><strong>1960-65, Changement d\u2019\u00e9chelle.<\/strong> Enfin, dans un dernier temps, le programme a pris une orientation plus large. Les Case Studies d\u00e9velopp\u00e9es pendant cette p\u00e9riode ne s\u2019int\u00e9ressent plus seulement \u00e0 des exp\u00e9rimentations sur une seule maison. Les r\u00e9flexions s\u2019\u00e9tendent sur une plus large \u00e9chelle. On travaille alors sur des groupements de maisons et sur leur int\u00e9grations \u00e0 l\u2019environnement et \u00e0 la ville.<\/p>\n<p><a href=\"http:\/\/www.archigraphie.eu\/?p=166\">&lt;Previous page<\/a> &#8211; <a href=\"http:\/\/www.archigraphie.eu\/?p=157\">Next page &gt;<\/a><\/p>\n","protected":false},"excerpt":{"rendered":"<p>Le programme des Study Houses a \u00e9t\u00e9 lanc\u00e9 en Janvier 1945. Il a donc d\u00e9but\u00e9 dans le contexte tr\u00e8s particulier et tr\u00e8s propice des Etats-Unis de l\u2019imm\u00e9diat apr\u00e8s-guerre. Un homme, John Entenza a su voir qu\u2019il s\u2019agissait d\u2019un moment clef. Il a su prendre les devants pour en tirer les avantages. Ce contexte ainsi que &hellip; <a href=\"https:\/\/www.archigraphie.eu\/?page_id=160\" class=\"more-link\">Continuer la lecture de <span class=\"screen-reader-text\">Le programme des Case Study Houses<\/span>  <span class=\"meta-nav\">&rarr;<\/span><\/a><\/p>\n","protected":false},"author":1,"featured_media":0,"parent":166,"menu_order":1,"comment_status":"open","ping_status":"open","template":"","meta":{"om_disable_all_campaigns":false,"_monsterinsights_skip_tracking":false,"_monsterinsights_sitenote_active":false,"_monsterinsights_sitenote_note":"","_monsterinsights_sitenote_category":0,"footnotes":""},"class_list":["post-160","page","type-page","status-publish","hentry"],"aioseo_notices":[],"_links":{"self":[{"href":"https:\/\/www.archigraphie.eu\/index.php?rest_route=\/wp\/v2\/pages\/160","targetHints":{"allow":["GET"]}}],"collection":[{"href":"https:\/\/www.archigraphie.eu\/index.php?rest_route=\/wp\/v2\/pages"}],"about":[{"href":"https:\/\/www.archigraphie.eu\/index.php?rest_route=\/wp\/v2\/types\/page"}],"author":[{"embeddable":true,"href":"https:\/\/www.archigraphie.eu\/index.php?rest_route=\/wp\/v2\/users\/1"}],"replies":[{"embeddable":true,"href":"https:\/\/www.archigraphie.eu\/index.php?rest_route=%2Fwp%2Fv2%2Fcomments&post=160"}],"version-history":[{"count":9,"href":"https:\/\/www.archigraphie.eu\/index.php?rest_route=\/wp\/v2\/pages\/160\/revisions"}],"predecessor-version":[{"id":1784,"href":"https:\/\/www.archigraphie.eu\/index.php?rest_route=\/wp\/v2\/pages\/160\/revisions\/1784"}],"up":[{"embeddable":true,"href":"https:\/\/www.archigraphie.eu\/index.php?rest_route=\/wp\/v2\/pages\/166"}],"wp:attachment":[{"href":"https:\/\/www.archigraphie.eu\/index.php?rest_route=%2Fwp%2Fv2%2Fmedia&parent=160"}],"curies":[{"name":"wp","href":"https:\/\/api.w.org\/{rel}","templated":true}]}}